{"id":1561,"date":"2024-08-06T20:19:21","date_gmt":"2024-08-06T20:19:21","guid":{"rendered":"https:\/\/charlieshair.cz\/?page_id=1561"},"modified":"2024-08-06T20:23:49","modified_gmt":"2024-08-06T20:23:49","slug":"ochrana-osobnich-udaju","status":"publish","type":"page","link":"https:\/\/charlieshair.cz\/cz\/ochrana-osobnich-udaju\/","title":{"rendered":"Ochrana osobn\u00edch \u00fadaj\u016f"},"content":{"rendered":"\t\t<div data-elementor-type=\"wp-page\" data-elementor-id=\"1561\" class=\"elementor elementor-1561\">\n\t\t\t\t<div class=\"elementor-element elementor-element-61100e4 e-flex e-con-boxed wpr-particle-no wpr-jarallax-no wpr-parallax-no wpr-sticky-section-no e-con e-parent\" data-id=\"61100e4\" data-element_type=\"container\" data-settings=\"{&quot;background_background&quot;:&quot;classic&quot;}\">\n\t\t\t\t\t<div class=\"e-con-inner\">\n\t\t\t\t<div class=\"elementor-element elementor-element-5a0773e elementor-widget-divider--separator-type-pattern elementor-widget-divider--view-line elementor-widget elementor-widget-divider\" data-id=\"5a0773e\" data-element_type=\"widget\" data-widget_type=\"divider.default\">\n\t\t\t\t<div class=\"elementor-widget-container\">\n\t\t\t\t\t\t\t<div class=\"elementor-divider\" style=\"--divider-pattern-url: url(&quot;data:image\/svg+xml,%3Csvg xmlns=&#039;http:\/\/www.w3.org\/2000\/svg&#039; preserveAspectRatio=&#039;none&#039; overflow=&#039;visible&#039; height=&#039;100%&#039; viewBox=&#039;0 0 24 24&#039; fill=&#039;black&#039; stroke=&#039;none&#039;%3E%3Cpolygon points=&#039;9.4,2 24,2 14.6,21.6 0,21.6&#039;\/%3E%3C\/svg%3E&quot;);\">\n\t\t\t<span class=\"elementor-divider-separator\">\n\t\t\t\t\t\t<\/span>\n\t\t<\/div>\n\t\t\t\t\t\t<\/div>\n\t\t\t\t<\/div>\n\t\t\t\t<div class=\"elementor-element elementor-element-c02b614 elementor-widget elementor-widget-heading\" data-id=\"c02b614\" data-element_type=\"widget\" data-widget_type=\"heading.default\">\n\t\t\t\t<div class=\"elementor-widget-container\">\n\t\t\t\t\t<h2 class=\"elementor-heading-title elementor-size-default\">Ochrana osobn\u00edch \u00fadaj\u016f<\/h2>\t\t\t\t<\/div>\n\t\t\t\t<\/div>\n\t\t\t\t\t<\/div>\n\t\t\t\t<\/div>\n\t\t<div class=\"elementor-element elementor-element-1e4f5e0 e-flex e-con-boxed wpr-particle-no wpr-jarallax-no wpr-parallax-no wpr-sticky-section-no e-con e-parent\" data-id=\"1e4f5e0\" data-element_type=\"container\">\n\t\t\t\t\t<div class=\"e-con-inner\">\n\t\t\t\t<div class=\"elementor-element elementor-element-47f684e elementor-widget elementor-widget-text-editor\" data-id=\"47f684e\" data-element_type=\"widget\" data-widget_type=\"text-editor.default\">\n\t\t\t\t<div class=\"elementor-widget-container\">\n\t\t\t\t\t\t\t\t\t<h3><strong>Z\u00e1sady ochrany osobn\u00edch \u00fadaj\u016f\u00a0<\/strong><\/h3><p>Va\u0161eho soukrom\u00ed si v\u00e1\u017e\u00edme. Toto je informace o zp\u016fsobu zpracov\u00e1n\u00ed, pr\u00e1vn\u00edm z\u00e1kladu, \u00fa\u010delu a rozsahu informac\u00ed, je\u017e o na\u0161ich z\u00e1kazn\u00edc\u00edch a n\u00e1v\u0161t\u011bvn\u00edc\u00edch na\u0161ich str\u00e1nek zpracov\u00e1v\u00e1me.<\/p><p>Spr\u00e1vce osobn\u00edch \u00fadaj\u016f:\u00a0\u00a0Dagmar \u0160im\u010d\u00edkov\u00e1, I\u010cO:74620363,\u00a0<span style=\"white-space: normal;\">Martinsk\u00e1 osada 78, Zast\u00e1vka 66484<\/span>, \u010cesk\u00e1 republika.<\/p><h3><strong>\u00dadaje na Va\u0161em za\u0159\u00edzen\u00ed<\/strong><\/h3><p>Na Va\u0161em za\u0159\u00edzen\u00ed ukl\u00e1d\u00e1me cookies. Obsah soubor\u016f cookies p\u0159edstavuje zp\u016fsob, jak identifikovat konkr\u00e9tn\u00edho n\u00e1v\u0161t\u011bvn\u00edka a poskytnout mu mo\u017enost pr\u016fb\u011b\u017en\u00e9 interakce s webovou str\u00e1nkou, zejm\u00e9na umo\u017en\u011bn\u00ed vytvo\u0159en\u00ed u\u017eivatelsk\u00e9ho \u00fa\u010dtu, p\u0159ihl\u00e1\u0161en\u00ed, n\u00e1kupu. D\u00e1le m\u016f\u017eou b\u00fdt vyu\u017eity pro technickou optimalizaci provozu platformy webov\u00fdch str\u00e1nek, bezpe\u010dnostn\u00ed funkce a technick\u00fd z\u00e1znam volby preference zobrazen\u00ed dle Va\u0161eho za\u0159\u00edzen\u00ed technick\u00fdm provozovatelem infrastruktury. Poskytovat z\u00e1kladn\u00ed funk\u010dnost, pe\u010dovat o provozn\u00ed bezpe\u010dnost a stabilitu je na\u0161\u00edm opr\u00e1vn\u011bn\u00fdm z\u00e1jmem.<br \/>Soubory cookies m\u016f\u017eeme vyu\u017e\u00edt i k dal\u0161\u00edm \u00fa\u010del\u016fm na z\u00e1klad\u011b Va\u0161eho souhlasu. S ohledem na povahu a \u00fa\u010del vyu\u017eit\u00ed \u00fadaj\u016f rozli\u0161ujeme tyto z\u00e1kladn\u00ed druhy:<br \/>\u2013\u00a0<strong>Funk\u010dn\u00ed:<\/strong>\u00a0Dopl\u0148kov\u00e9 funkce, kter\u00e9 zlep\u0161uj\u00ed v\u00e1\u0161 z\u00e1\u017eitek z prohl\u00ed\u017een\u00ed, ukl\u00e1daj\u00ed n\u011bkter\u00e9 va\u0161e preference bez u\u017eivatelsk\u00e9ho \u00fa\u010dtu nebo bez p\u0159ihl\u00e1\u0161en\u00ed, pou\u017eit\u00ed skript\u016f a\/nebo zdroj\u016f t\u0159et\u00edch stran, widgety atd.<br \/>\u2013\u00a0<strong>Analytick\u00e9:<\/strong>\u00a0Pou\u017eit\u00ed analytick\u00fdch n\u00e1stroj\u016f n\u00e1m umo\u017e\u0148uje l\u00e9pe porozum\u011bt pot\u0159eb\u00e1m na\u0161ich n\u00e1v\u0161t\u011bvn\u00edk\u016f a tomu, jak na\u0161i str\u00e1nku pou\u017e\u00edvaj\u00ed. M\u016f\u017eeme pou\u017e\u00edt n\u00e1stroje prvn\u00ed nebo t\u0159et\u00ed strany ke sledov\u00e1n\u00ed nebo zaznamen\u00e1v\u00e1n\u00ed va\u0161eho proch\u00e1zen\u00ed na\u0161ich webov\u00fdch str\u00e1nek, k anal\u00fdze n\u00e1stroj\u016f nebo komponent, se kter\u00fdmi jste interagovali nebo je pou\u017e\u00edvali, k zaznamen\u00e1v\u00e1n\u00ed konverzn\u00edch ud\u00e1lost\u00ed a podobn\u011b.<br \/>\u2013\u00a0<strong>Marketingov\u00e9:<\/strong>\u00a0M\u016f\u017eeme pou\u017e\u00edvat soubory cookies a n\u00e1stroje t\u0159et\u00edch stran k vylep\u0161en\u00ed nab\u00eddky produkt\u016f a\/nebo slu\u017eeb na\u0161\u00ed nebo na\u0161ich partner\u016f, jej\u00ed relevance pro v\u00e1s na z\u00e1klad\u011b produkt\u016f nebo str\u00e1nek, kter\u00e9 jste nav\u0161t\u00edvili na tomto webu nebo na jin\u00fdch webov\u00fdch str\u00e1nk\u00e1ch. M\u016f\u017eeme vyu\u017e\u00edt lok\u00e1ln\u00edho \u00falo\u017ei\u0161t\u011b Va\u0161eho prohl\u00ed\u017ee\u010de. Toto \u010din\u00edme na z\u00e1klad\u011b Va\u0161eho souhlasu.<\/p><h3><strong>Pr\u00e1vo na p\u0159\u00edstup a jin\u00e1 pr\u00e1va<\/strong><\/h3><p>Dle pat\u0159i\u010dn\u00fdch pr\u00e1vn\u00edch ustanoven\u00ed m\u00e1te pr\u00e1vo:<\/p><ul><li>na opravu chybn\u00fdch osobn\u00edch \u00fadaj\u016f,<\/li><li>\u00a0po\u017eadovat v\u00fdmaz osobn\u00edch \u00fadaj\u016f, je\u017e o V\u00e1s zpracov\u00e1v\u00e1me, vyjma \u00fadaj\u016f, kde n\u00e1m jejich zpracov\u00e1n\u00ed ukl\u00e1daj\u00ed jin\u00e9 pr\u00e1vn\u00ed p\u0159edpisy nebo pr\u00e1vn\u00ed z\u00e1jem,<\/li><li>pr\u00e1vo po\u017e\u00e1dat o p\u0159enos osobn\u00edch \u00fadaj\u016f nebo omezit jejich zpracov\u00e1n\u00ed.<\/li><\/ul><h3><strong>Kontakt<\/strong><\/h3><p>V p\u0159\u00edpad\u011b dotaz\u016f \u010di jin\u00fdch \u017e\u00e1dost\u00ed m\u016f\u017eete kontaktovat spr\u00e1vce \u00fadaj\u016f, resp. pov\u011b\u0159ence pro ochranu osobn\u00edch \u00fadaj\u016f na adrese info@charlieshair.cz. D\u00e1le se m\u016f\u017eete obr\u00e1tit na p\u0159\u00edslu\u0161nou instituci ochrany osobn\u00edch \u00fadaj\u016f.<\/p><p><em>Aktualizov\u00e1no: 06.08.2024<\/em><\/p>\t\t\t\t\t\t\t\t<\/div>\n\t\t\t\t<\/div>\n\t\t\t\t\t<\/div>\n\t\t\t\t<\/div>\n\t\t\t\t<\/div>\n\t\t","protected":false},"excerpt":{"rendered":"<p>Ochrana osobn\u00edch \u00fadaj\u016f Z\u00e1sady ochrany osobn\u00edch \u00fadaj\u016f\u00a0 Va\u0161eho soukrom\u00ed si v\u00e1\u017e\u00edme. Toto je informace o zp\u016fsobu zpracov\u00e1n\u00ed, pr\u00e1vn\u00edm z\u00e1kladu, \u00fa\u010delu a rozsahu informac\u00ed, je\u017e o na\u0161ich z\u00e1kazn\u00edc\u00edch a n\u00e1v\u0161t\u011bvn\u00edc\u00edch na\u0161ich str\u00e1nek zpracov\u00e1v\u00e1me. Spr\u00e1vce osobn\u00edch \u00fadaj\u016f:\u00a0\u00a0Dagmar \u0160im\u010d\u00edkov\u00e1, I\u010cO:74620363,\u00a0Martinsk\u00e1 osada 78, Zast\u00e1vka 66484, \u010cesk\u00e1 republika. \u00dadaje na Va\u0161em za\u0159\u00edzen\u00ed Na Va\u0161em za\u0159\u00edzen\u00ed ukl\u00e1d\u00e1me cookies. Obsah soubor\u016f cookies p\u0159edstavuje zp\u016fsob, jak identifikovat konkr\u00e9tn\u00edho n\u00e1v\u0161t\u011bvn\u00edka a poskytnout mu mo\u017enost pr\u016fb\u011b\u017en\u00e9 interakce s webovou str\u00e1nkou, zejm\u00e9na umo\u017en\u011bn\u00ed vytvo\u0159en\u00ed u\u017eivatelsk\u00e9ho \u00fa\u010dtu, p\u0159ihl\u00e1\u0161en\u00ed, n\u00e1kupu. D\u00e1le m\u016f\u017eou b\u00fdt vyu\u017eity pro technickou optimalizaci provozu platformy webov\u00fdch str\u00e1nek, bezpe\u010dnostn\u00ed funkce a technick\u00fd z\u00e1znam volby preference zobrazen\u00ed dle Va\u0161eho za\u0159\u00edzen\u00ed technick\u00fdm provozovatelem infrastruktury. Poskytovat z\u00e1kladn\u00ed funk\u010dnost, pe\u010dovat o provozn\u00ed bezpe\u010dnost a stabilitu je na\u0161\u00edm opr\u00e1vn\u011bn\u00fdm z\u00e1jmem.Soubory cookies m\u016f\u017eeme vyu\u017e\u00edt i k dal\u0161\u00edm \u00fa\u010del\u016fm na z\u00e1klad\u011b Va\u0161eho souhlasu. S ohledem na povahu a \u00fa\u010del vyu\u017eit\u00ed \u00fadaj\u016f rozli\u0161ujeme tyto z\u00e1kladn\u00ed druhy:\u2013\u00a0Funk\u010dn\u00ed:\u00a0Dopl\u0148kov\u00e9 funkce, kter\u00e9 zlep\u0161uj\u00ed v\u00e1\u0161 z\u00e1\u017eitek z prohl\u00ed\u017een\u00ed, ukl\u00e1daj\u00ed n\u011bkter\u00e9 va\u0161e preference bez u\u017eivatelsk\u00e9ho \u00fa\u010dtu nebo bez p\u0159ihl\u00e1\u0161en\u00ed, pou\u017eit\u00ed skript\u016f a\/nebo zdroj\u016f t\u0159et\u00edch stran, widgety atd.\u2013\u00a0Analytick\u00e9:\u00a0Pou\u017eit\u00ed analytick\u00fdch n\u00e1stroj\u016f n\u00e1m umo\u017e\u0148uje l\u00e9pe porozum\u011bt pot\u0159eb\u00e1m na\u0161ich n\u00e1v\u0161t\u011bvn\u00edk\u016f a tomu, jak na\u0161i str\u00e1nku pou\u017e\u00edvaj\u00ed. M\u016f\u017eeme pou\u017e\u00edt n\u00e1stroje prvn\u00ed nebo t\u0159et\u00ed strany ke sledov\u00e1n\u00ed nebo zaznamen\u00e1v\u00e1n\u00ed va\u0161eho proch\u00e1zen\u00ed na\u0161ich webov\u00fdch str\u00e1nek, k anal\u00fdze n\u00e1stroj\u016f nebo komponent, se kter\u00fdmi jste interagovali nebo je pou\u017e\u00edvali, k zaznamen\u00e1v\u00e1n\u00ed konverzn\u00edch ud\u00e1lost\u00ed a podobn\u011b.\u2013\u00a0Marketingov\u00e9:\u00a0M\u016f\u017eeme pou\u017e\u00edvat soubory cookies a n\u00e1stroje t\u0159et\u00edch stran k vylep\u0161en\u00ed nab\u00eddky produkt\u016f a\/nebo slu\u017eeb na\u0161\u00ed nebo na\u0161ich partner\u016f, jej\u00ed relevance pro v\u00e1s na z\u00e1klad\u011b produkt\u016f nebo str\u00e1nek, kter\u00e9 jste nav\u0161t\u00edvili na tomto webu nebo na jin\u00fdch webov\u00fdch str\u00e1nk\u00e1ch. M\u016f\u017eeme vyu\u017e\u00edt lok\u00e1ln\u00edho \u00falo\u017ei\u0161t\u011b Va\u0161eho prohl\u00ed\u017ee\u010de. Toto \u010din\u00edme na z\u00e1klad\u011b Va\u0161eho souhlasu. Pr\u00e1vo na p\u0159\u00edstup a jin\u00e1 pr\u00e1va Dle pat\u0159i\u010dn\u00fdch pr\u00e1vn\u00edch ustanoven\u00ed m\u00e1te pr\u00e1vo: na opravu chybn\u00fdch osobn\u00edch \u00fadaj\u016f, \u00a0po\u017eadovat v\u00fdmaz osobn\u00edch \u00fadaj\u016f, je\u017e o V\u00e1s zpracov\u00e1v\u00e1me, vyjma \u00fadaj\u016f, kde n\u00e1m jejich zpracov\u00e1n\u00ed ukl\u00e1daj\u00ed jin\u00e9 pr\u00e1vn\u00ed p\u0159edpisy nebo pr\u00e1vn\u00ed z\u00e1jem, pr\u00e1vo po\u017e\u00e1dat o p\u0159enos osobn\u00edch \u00fadaj\u016f nebo omezit jejich zpracov\u00e1n\u00ed. Kontakt V p\u0159\u00edpad\u011b dotaz\u016f \u010di jin\u00fdch \u017e\u00e1dost\u00ed m\u016f\u017eete kontaktovat spr\u00e1vce \u00fadaj\u016f, resp. pov\u011b\u0159ence pro ochranu osobn\u00edch \u00fadaj\u016f na adrese info@charlieshair.cz. D\u00e1le se m\u016f\u017eete obr\u00e1tit na p\u0159\u00edslu\u0161nou instituci ochrany osobn\u00edch \u00fadaj\u016f. Aktualizov\u00e1no: 06.08.2024<\/p>\n","protected":false},"author":1,"featured_media":0,"parent":0,"menu_order":0,"comment_status":"closed","ping_status":"closed","template":"elementor_canvas","meta":{"footnotes":""},"class_list":["post-1561","page","type-page","status-publish","hentry"],"_links":{"self":[{"href":"https:\/\/charlieshair.cz\/cz\/wp-json\/wp\/v2\/pages\/1561","targetHints":{"allow":["GET"]}}],"collection":[{"href":"https:\/\/charlieshair.cz\/cz\/wp-json\/wp\/v2\/pages"}],"about":[{"href":"https:\/\/charlieshair.cz\/cz\/wp-json\/wp\/v2\/types\/page"}],"author":[{"embeddable":true,"href":"https:\/\/charlieshair.cz\/cz\/wp-json\/wp\/v2\/users\/1"}],"replies":[{"embeddable":true,"href":"https:\/\/charlieshair.cz\/cz\/wp-json\/wp\/v2\/comments?post=1561"}],"version-history":[{"count":4,"href":"https:\/\/charlieshair.cz\/cz\/wp-json\/wp\/v2\/pages\/1561\/revisions"}],"predecessor-version":[{"id":1566,"href":"https:\/\/charlieshair.cz\/cz\/wp-json\/wp\/v2\/pages\/1561\/revisions\/1566"}],"wp:attachment":[{"href":"https:\/\/charlieshair.cz\/cz\/wp-json\/wp\/v2\/media?parent=1561"}],"curies":[{"name":"wp","href":"https:\/\/api.w.org\/{rel}","templated":true}]}}